{"id":211,"date":"2023-02-28T09:13:26","date_gmt":"2023-02-28T08:13:26","guid":{"rendered":"http:\/\/stefandudek.de\/wordpress\/?page_id=211"},"modified":"2023-03-05T20:02:19","modified_gmt":"2023-03-05T19:02:19","slug":"impressum","status":"publish","type":"page","link":"https:\/\/stefandudek.de\/wordpress\/impressum\/","title":{"rendered":"Impressum"},"content":{"rendered":"<section class=\"fw-main-row \"  >\n\t<div class=\"fw-container\">\n\t\t<div class=\"row\">\n\t\r\n\r\n<div class=\" col-xs-12 col-sm-12 \">\r\n    <div id=\"col_inner_id-69d28e48d1349\" class=\"fw-col-inner\" data-paddings=\"0px 0px 0px 0px\">\r\n\t\t\n<div class=\"block-title\">\n    <h3>Wer bin ich<span><\/span><\/h3>\n<\/div>\n<p>Die Adresse meiner Website ist: https:\/\/www.stefandudek.de, die als digitale Visitenkarte zu meiner Person dient.<\/p>\n<div class=\"block-title\">\n    <h3>F\u00fcr den Inhalt der Seite verantwortlich<span><\/span><\/h3>\n<\/div>\n<p>Stefan Dudek<br \/>Heinrich-Bormann-Ring 35<br \/>31157 Sarstedt<\/p><p><a href=\"mailto:info@stefandudek.de\">info@stefandudek.de<\/a><\/p>\n<div class=\"block-title\">\n    <h3>Haftung f\u00fcr Inhalte<span><\/span><\/h3>\n<\/div>\n<p>Die Inhalte unserer Seiten wurden mit gr\u00f6\u00dfter Sorgfalt erstellt. F\u00fcr die Richtigkeit, Vollst\u00e4ndigkeit und Aktualit\u00e4t der Inhalte k\u00f6nnen wir jedoch keine Gew\u00e4hr \u00fcbernehmen. Als Diensteanbieter sind wir gem\u00e4\u00df \u00a7 7 Abs.1 TMG f\u00fcr eigene Inhalte auf diesen Seiten nach den allgemeinen Gesetzen verantwortlich. Nach \u00a7\u00a7 8 bis 10 TMG sind wir als Diensteanbieter jedoch nicht verpflichtet, \u00fcbermittelte oder gespeicherte fremde Informationen zu \u00fcberwachen oder nach Umst\u00e4nden zu forschen, die auf eine rechtswidrige T\u00e4tigkeit hinweisen. Verpflichtungen zur Entfernung oder Sperrung der Nutzung von Informationen nach den allgemeinen Gesetzen bleiben hiervon unber\u00fchrt. Eine diesbez\u00fcgliche Haftung ist jedoch erst ab dem Zeitpunkt der Kenntnis einer konkreten Rechtsverletzung m\u00f6glich. Bei Bekanntwerden von entsprechenden Rechtsverletzungen werden wir diese Inhalte umgehend entfernen.<\/p>\n<div class=\"block-title\">\n    <h3>Urheberrecht<span><\/span><\/h3>\n<\/div>\n<p>Die durch die Seitenbetreiber erstellten Inhalte und Werke auf diesen Seiten unterliegen dem deutschen Urheberrecht. Die Vervielf\u00e4ltigung, Bearbeitung, Verbreitung und jede Art der Verwertung au\u00dferhalb der Grenzen des Urheberrechtes bed\u00fcrfen der schriftlichen Zustimmung des jeweiligen Autors bzw. Erstellers. Downloads und Kopien dieser Seite sind nur f\u00fcr den privaten, nicht kommerziellen Gebrauch gestattet. Soweit die Inhalte auf dieser Seite nicht vom Betreiber erstellt wurden, werden die Urheberrechte Dritter beachtet. Insbesondere werden Inhalte Dritter als solche gekennzeichnet. Sollten Sie trotzdem auf eine Urheberrechtsverletzung aufmerksam werden, bitten wir um einen entsprechenden Hinweis. Bei Bekanntwerden von Rechtsverletzungen werden wir derartige Inhalte umgehend entfernen.<\/p>\n<div class=\"block-title\">\n    <h3>Links<span><\/span><\/h3>\n<\/div>\n<p>Diese Website enth\u00e4lt Links auf Websites, welche nicht von Stefan Dudek kontrolliert und angeboten werden. Durch das Aktivieren eines solchen Links verlassen Sie die Website www.stefandudek.de. Stefan Dudek hat den Inhalt dieser Websites nicht \u00fcberpr\u00fcft und \u00fcbernimmt keine Haftung f\u00fcr deren Inhalt. Das Aktivieren eines Links erfolgt auf eigenes Risiko. Ebensowenig haftet Stefan Dudek f\u00fcr eine st\u00e4ndige Verf\u00fcgbarkeit oder volle Funktionalit\u00e4t von Linkverkn\u00fcpfungen zu Websites anderer Betreiber.<\/p>\t<\/div>\r\n<\/div>\r\n<\/div>\n\n\t<\/div>\n<\/section>\n\n","protected":false},"excerpt":{"rendered":"<p>Wer bin ich Die Adresse meiner Website ist: https:\/\/www.stefandudek.de, die als digitale Visitenkarte zu meiner Person dient. F\u00fcr den Inhalt der Seite verantwortlich Stefan DudekHeinrich-Bormann-Ring 3531157 Sarstedtinfo@stefandudek.de Haftung f\u00fcr Inhalte Die Inhalte unserer Seiten wurden mit gr\u00f6\u00dfter Sorgfalt erstellt. F\u00fcr die Richtigkeit, Vollst\u00e4ndigkeit und Aktualit\u00e4t der Inhalte k\u00f6nnen wir jedoch keine Gew\u00e4hr \u00fcbernehmen. Als Diensteanbieter&#8230;<\/p>\n<p><a class=\"read-more\" href=\"https:\/\/stefandudek.de\/wordpress\/impressum\/\">Read More<\/a><\/p>\n","protected":false},"author":1,"featured_media":0,"parent":0,"menu_order":0,"comment_status":"closed","ping_status":"closed","template":"","meta":{"footnotes":""},"_links":{"self":[{"href":"https:\/\/stefandudek.de\/wordpress\/wp-json\/wp\/v2\/pages\/211"}],"collection":[{"href":"https:\/\/stefandudek.de\/wordpress\/wp-json\/wp\/v2\/pages"}],"about":[{"href":"https:\/\/stefandudek.de\/wordpress\/wp-json\/wp\/v2\/types\/page"}],"author":[{"embeddable":true,"href":"https:\/\/stefandudek.de\/wordpress\/wp-json\/wp\/v2\/users\/1"}],"replies":[{"embeddable":true,"href":"https:\/\/stefandudek.de\/wordpress\/wp-json\/wp\/v2\/comments?post=211"}],"version-history":[{"count":7,"href":"https:\/\/stefandudek.de\/wordpress\/wp-json\/wp\/v2\/pages\/211\/revisions"}],"predecessor-version":[{"id":284,"href":"https:\/\/stefandudek.de\/wordpress\/wp-json\/wp\/v2\/pages\/211\/revisions\/284"}],"wp:attachment":[{"href":"https:\/\/stefandudek.de\/wordpress\/wp-json\/wp\/v2\/media?parent=211"}],"curies":[{"name":"wp","href":"https:\/\/api.w.org\/{rel}","templated":true}]}}