{"id":26,"date":"2018-04-05T12:36:53","date_gmt":"2018-04-05T12:36:53","guid":{"rendered":"http:\/\/stefandudek.de\/wordpress\/?page_id=26"},"modified":"2024-01-30T22:07:37","modified_gmt":"2024-01-30T21:07:37","slug":"resume","status":"publish","type":"page","link":"https:\/\/stefandudek.de\/wordpress\/resume\/","title":{"rendered":"Lebenslauf"},"content":{"rendered":"<section class=\"fw-main-row \"  >\n\t<div class=\"fw-container\">\n\t\t<div class=\"row\">\n\t\r\n\r\n<div class=\" col-xs-12 col-sm-8 \">\r\n    <div id=\"col_inner_id-69d25be0df4a4\" class=\"fw-col-inner\" data-paddings=\"0px 0px 30px 0px\">\r\n\t\t\n<div class=\"block-title\">\n    <h3>Berufserfahrung<span><\/span><\/h3>\n<\/div>\n\n\n<div id=\"timeline-69d25be0df648\" class=\"timeline timeline-second-style clearfix\">\n\t\t\t\t\t<div class=\"timeline-item clearfix\">\n\t\t\t<div class=\"left-part\">\n\t\t\t\t<h5 class=\"item-period\">seit 2023<\/h5>\n\t\t\t\t<span class=\"item-company\">Selbst\u00e4ndig<\/span>\n\t\t\t\t\t\t\t<\/div>\n\t\t\t<div class=\"divider\"><\/div>\n\t\t\t<div class=\"right-part\">\n\t\t\t\t<h4 class=\"item-title\">Freelancer<\/h4>\n\t\t\t\t<div class=\"text\">\n\t\t\t\t\t<p>Auszug der T\u00e4tigkeiten:<\/p><ul><li>Monatsabschlussunterst\u00fctzung<\/li><li>Datenanlayse und Buchung komplexer Sachverhalte<\/li><li>\u00dcberarbeitung und Korrektur von Gesch\u00e4ftsvorf\u00e4llen in der Buchhaltung<\/li><li>Konsolidierung von Konzerngesellschaften<\/li><li>Erstellung von Jahresabschl\u00fcssen kleiner und mittlerer Kapitalgesellschaften<\/li><li>Verprobung, Korrektur und Dokumentation von Umsatzsteuermeldungen f\u00fcr mehrere Jahre<\/li><li>Prozess\u00fcberarbeitung, Dokumentation und Meldung zur Intrahandelsstatistik<\/li><\/ul>\t\t\t\t<\/div>\n\t\t\t<\/div>\n\t\t<\/div>\n\t\t\t\t\t\t\t<div class=\"timeline-item clearfix\">\n\t\t\t<div class=\"left-part\">\n\t\t\t\t<h5 class=\"item-period\">2019-2023<\/h5>\n\t\t\t\t<span class=\"item-company\">Delticom AG, Hannover<\/span>\n\t\t\t\t\t\t\t<\/div>\n\t\t\t<div class=\"divider\"><\/div>\n\t\t\t<div class=\"right-part\">\n\t\t\t\t<h4 class=\"item-title\">Leiter Konzernrechnungswesen und Steuern<\/h4>\n\t\t\t\t<div class=\"text\">\n\t\t\t\t\t<ul><li>E-Commerce Unternehmen mit bis zu 25 Tochtergesellschaften, Systeme: Diamant | Dynamics NAV 2018<\/li><li>F\u00fchren eines Teams von 9 Mitarbeitern<\/li><li>Abschlusserstellung einer b\u00f6rsennotierten Aktiengesellschaft nach IFRS und HGB<\/li><li>Sicherstellung der Durchf\u00fchrung und Compliance der Financial Accounting Prozesse<\/li><li>Verantwortung f\u00fcr die Prozesse und effiziente Bearbeitung aller Finanzprozesse in ausgelagerten Centern<\/li><li>Kontinuierliche Optimierung von Prozessen im Rahmen des Finanz- und Rechnungswesens der Gruppe<\/li><li>Etablierung eines effizienten und leistungsstarken Finanzteams<\/li><li>Einf\u00fchrung von Qlik Sense im Rechnungswesen<\/li><li>Mitgestaltung der Finanz- und Accountingstrategie inklusive eines aktiven Ver\u00e4nderungsmanagements<\/li><li>Konzeption und Aufbau eines standardisierten Gruppenreportings<\/li><li>Verantwortlich f\u00fcr Tax-Compliance f\u00fcr die Gruppe<\/li><li>Aufbau eines Tax Data Warehouses<\/li><li>Koordination und Kontrolle der Umsatzsteuerr\u00fcckzahlungen durch Beh\u00f6rden in Europa<\/li><li>Etablierung und kontinuierliche Anpassung der Transfer Price Policy<\/li><li>Begleitung der Restrukturierung des Unternehmens \u00fcber zwei Jahre<\/li><\/ul>\t\t\t\t<\/div>\n\t\t\t<\/div>\n\t\t<\/div>\n\t\t\t\t\t\t\t<div class=\"timeline-item clearfix\">\n\t\t\t<div class=\"left-part\">\n\t\t\t\t<h5 class=\"item-period\">2016-2019<\/h5>\n\t\t\t\t<span class=\"item-company\">DeltiLog GmbH (fr\u00fcher: Seguti GmbH), Hannover<\/span>\n\t\t\t\t\t\t\t<\/div>\n\t\t\t<div class=\"divider\"><\/div>\n\t\t\t<div class=\"right-part\">\n\t\t\t\t<h4 class=\"item-title\">Gesch\u00e4ftsf\u00fchrer einer Logistikgesellschaft<\/h4>\n\t\t\t\t<div class=\"text\">\n\t\t\t\t\t<ul><li>Eigent\u00fcmerwechsel zur Delticom AG durch Asset-Deal<\/li><li>Gesellschaft mit 10 Mitarbeiter<\/li><li>Zusammenarbeit mit einem ausl\u00e4ndischen Logistikdienstleiter<\/li><li>System: Dynamics NAV 2018<\/li><li>Einf\u00fchrung von Dynamics NAV 2018 als Lagerverwaltungs- und Buchhaltungssoftware<\/li><li>Optimierung logistischer Prozesse rund um ein automatisiertes Kleinteilelager (Autostore)<\/li><li>Technische Anbindung von Fullfilmentkunden<\/li><\/ul>\t\t\t\t<\/div>\n\t\t\t<\/div>\n\t\t<\/div>\n\t\t\t\t\t\t\t<div class=\"timeline-item clearfix\">\n\t\t\t<div class=\"left-part\">\n\t\t\t\t<h5 class=\"item-period\">2014-2016<\/h5>\n\t\t\t\t<span class=\"item-company\"> Seguti GmbH, Hannover<\/span>\n\t\t\t\t\t\t\t<\/div>\n\t\t\t<div class=\"divider\"><\/div>\n\t\t\t<div class=\"right-part\">\n\t\t\t\t<h4 class=\"item-title\">Leiter Finanz- und Rechnungswesen<\/h4>\n\t\t\t\t<div class=\"text\">\n\t\t\t\t\t<ul><li>Unternehmen: Startup im E-Commerce (lebensmittel.de)<\/li><li>F\u00fchren eines Teams von drei Mitarbeitern<\/li><li>System: Dynamics NAV 2009<\/li><li>Jahresabschlusserstellung nach HGB<\/li><li>Optimierung der Finanz-, Einkaufs- und Vertriebsprozesse innerhalb einer Navision Branchenl\u00f6sung<\/li><\/ul>\t\t\t\t<\/div>\n\t\t\t<\/div>\n\t\t<\/div>\n\t\t\t\t\t\t\t<div class=\"timeline-item clearfix\">\n\t\t\t<div class=\"left-part\">\n\t\t\t\t<h5 class=\"item-period\">2007-2014<\/h5>\n\t\t\t\t<span class=\"item-company\">H\u00f6ft &amp; Wessel AG, Hannover<\/span>\n\t\t\t\t\t\t\t<\/div>\n\t\t\t<div class=\"divider\"><\/div>\n\t\t\t<div class=\"right-part\">\n\t\t\t\t<h4 class=\"item-title\">Stv. Leiter Finanz- und Rechnungswesen<\/h4>\n\t\t\t\t<div class=\"text\">\n\t\t\t\t\t<ul><li>Technologieunternehmen<\/li><li>System: SAP R\/3<\/li><li>Leitung der Finanzbuchhaltung (5 Mitarbeiter)<\/li><li>Jahresbschlusserstellung einer b\u00f6rsennotierten Aktiengesellschaft nach HGB und IFRS<\/li><li>Erstellung der IFRS-Notes f\u00fcr den Konzernabschluss<\/li><li>Durchf\u00fchrung der t\u00e4glichen Finanzdisposition<\/li><li>Konzernkonsolidierung<\/li><li>Begleitung der Restrukturierung des Unternehmens \u00fcber zwei Jahre<\/li><li>Ermittlung von FX-Risiken sowie Entwicklung und Umsetzung von Sicherungsstrategien<\/li><li>Verantwortlich f\u00fcr die Einhaltung deutscher und internationaler Umsatzsteuernormen<\/li><\/ul>\t\t\t\t<\/div>\n\t\t\t<\/div>\n\t\t<\/div>\n\t\t\t\t\t\t\t<div class=\"timeline-item clearfix\">\n\t\t\t<div class=\"left-part\">\n\t\t\t\t<h5 class=\"item-period\">2002-2007<\/h5>\n\t\t\t\t<span class=\"item-company\">Pelikan GmbH, Hannover<\/span>\n\t\t\t\t\t\t\t<\/div>\n\t\t\t<div class=\"divider\"><\/div>\n\t\t\t<div class=\"right-part\">\n\t\t\t\t<h4 class=\"item-title\">Junior Accountant<\/h4>\n\t\t\t\t<div class=\"text\">\n\t\t\t\t\t<ul><li>Unternehmen: Herstellung und Vertrieb von Papier-, B\u00fcro- und Schreibwaren<\/li><li>System: SAP R\/3<\/li><li>Mitwirken an Monats- und Jahresabschl\u00fcssen<\/li><li>F\u00fchren der Anlagenbuchhaltung nach HGB, IFRS, Konzern- und Steuerrecht<\/li><li>Erstellen der Umsatzsteuervoranmeldung und Umsatzsteuererkl\u00e4rung und der Zusammenfassenden Meldung<\/li><li>Ermitteln der aktivierbaren Entwicklungskosten nach IFRS<\/li><li>Mitarbeit bei der Cash-Flow-Planung<\/li><li>Bearbeitung von Schadenmeldungen aus Versicherungsvertr\u00e4gen<\/li><li>Erarbeitung eines internationalen Transportversicherungsprogramms f\u00fcr die Gruppe<\/li><\/ul>\t\t\t\t<\/div>\n\t\t\t<\/div>\n\t\t<\/div>\n\t\t\t<\/div>\n\n\t<div class=\"fw-divider-space\" style=\"padding-top: 30px;\"><\/div>\n\n<div class=\"block-title\">\n    <h3>Ausbildung<span><\/span><\/h3>\n<\/div>\n\n\n<div id=\"timeline-69d25be0df9c6\" class=\"timeline timeline-second-style clearfix\">\n\t\t\t\t\t<div class=\"timeline-item clearfix\">\n\t\t\t<div class=\"left-part\">\n\t\t\t\t<h5 class=\"item-period\">2007<\/h5>\n\t\t\t\t<span class=\"item-company\">Steuerfachschule Endriss<\/span>\n\t\t\t\t\t\t\t<\/div>\n\t\t\t<div class=\"divider\"><\/div>\n\t\t\t<div class=\"right-part\">\n\t\t\t\t<h4 class=\"item-title\">Bilanzbuchhalter International IHK<\/h4>\n\t\t\t\t<div class=\"text\">\n\t\t\t\t\t<p>Berufsbegleitender Wochenendkurs<\/p>\t\t\t\t<\/div>\n\t\t\t<\/div>\n\t\t<\/div>\n\t\t\t\t\t\t\t<div class=\"timeline-item clearfix\">\n\t\t\t<div class=\"left-part\">\n\t\t\t\t<h5 class=\"item-period\">1997-2002<\/h5>\n\t\t\t\t<span class=\"item-company\">Universit\u00e4t Rostock<\/span>\n\t\t\t\t\t\t\t<\/div>\n\t\t\t<div class=\"divider\"><\/div>\n\t\t\t<div class=\"right-part\">\n\t\t\t\t<h4 class=\"item-title\">Studium Betriebswirtschaftslehre<\/h4>\n\t\t\t\t<div class=\"text\">\n\t\t\t\t\t<p>Schwerpunkte: Rechnungswesen und Controlling | Betriebliche Steuerlehre | Abschluss: Diplom-Kaufmann<\/p>\t\t\t\t<\/div>\n\t\t\t<\/div>\n\t\t<\/div>\n\t\t\t\t\t\t\t<div class=\"timeline-item clearfix\">\n\t\t\t<div class=\"left-part\">\n\t\t\t\t<h5 class=\"item-period\">1996<\/h5>\n\t\t\t\t<span class=\"item-company\">Gymnasium in Rostock<\/span>\n\t\t\t\t\t\t\t<\/div>\n\t\t\t<div class=\"divider\"><\/div>\n\t\t\t<div class=\"right-part\">\n\t\t\t\t<h4 class=\"item-title\">Abitur<\/h4>\n\t\t\t\t<div class=\"text\">\n\t\t\t\t\t<p>Leistungskurse: Mathematik | Biologie | Abschluss: Abitur<\/p>\t\t\t\t<\/div>\n\t\t\t<\/div>\n\t\t<\/div>\n\t\t\t<\/div>\n\t<\/div>\r\n<\/div>\r\n\r\n\r\n<div class=\" col-xs-12 col-sm-4 \">\r\n    <div id=\"col_inner_id-69d25be0dfad2\" class=\"fw-col-inner\" data-paddings=\"0px 0px 0px 0px\">\r\n\t\t<a href=\"http:\/\/stefandudek.de\/wordpress\/wp-content\/uploads\/2023\/10\/CV-Stefan-Dudek.pdf\" target=\"_blank\" id=\"button_aeafed246d3b3eba5edec0a7e3867d01\" class=\"btn btn-primary\" data-mtop=\"0\" data-mbottom=\"0\">CV Download<\/a>\n\t<div class=\"fw-divider-space\" style=\"padding-top: 75px;\"><\/div>\n\n<div class=\"block-title\">\n    <h3>Skills Accounting<span><\/span><\/h3>\n<\/div>\n\n\n<div id=\"skills-69d25be0dfcd0\" class=\"skills-info skills-second-style\">\n\t\t\t\t\t\t<div class=\"clearfix\">\n\t\t\t\t<h4>HGB<\/h4>\n\t\t\t\t<div class=\"skill-value\">90%<\/div>\n\t\t\t<\/div>\n\t\t\t<div id=\"skill-dac73e965e9f4777e57fa89ede187ab8\" data-value=\"90\" data-color=\"#0099e5\" class=\"skill-container\">\n\t\t\t\t<div class=\"skill-percentage\"><\/div>\n\t\t\t<\/div>\n\t\t\t\t\t\t\t\t<div class=\"clearfix\">\n\t\t\t\t<h4>IFRS<\/h4>\n\t\t\t\t<div class=\"skill-value\">75%<\/div>\n\t\t\t<\/div>\n\t\t\t<div id=\"skill-6d714613be79f0b599436796c7d25444\" data-value=\"75\" data-color=\"#0099e5\" class=\"skill-container\">\n\t\t\t\t<div class=\"skill-percentage\"><\/div>\n\t\t\t<\/div>\n\t\t\t\t\t\t\t\t<div class=\"clearfix\">\n\t\t\t\t<h4>Konsolidierung<\/h4>\n\t\t\t\t<div class=\"skill-value\">80%<\/div>\n\t\t\t<\/div>\n\t\t\t<div id=\"skill-40cafd150cc54bf4db0fab34ef764fae\" data-value=\"80\" data-color=\"#0099e5\" class=\"skill-container\">\n\t\t\t\t<div class=\"skill-percentage\"><\/div>\n\t\t\t<\/div>\n\t\t\t\t\t\t\t\t<div class=\"clearfix\">\n\t\t\t\t<h4>IFRS 16 Leasingbilanzierung<\/h4>\n\t\t\t\t<div class=\"skill-value\">90%<\/div>\n\t\t\t<\/div>\n\t\t\t<div id=\"skill-7ad022f1fb26ea8e1a164ee5115e9d82\" data-value=\"90\" data-color=\"#0099e5\" class=\"skill-container\">\n\t\t\t\t<div class=\"skill-percentage\"><\/div>\n\t\t\t<\/div>\n\t\t\t\t\t\t\t\t<div class=\"clearfix\">\n\t\t\t\t<h4>IAS 38 Aktivierung von Entwicklungsleistungen<\/h4>\n\t\t\t\t<div class=\"skill-value\">60%<\/div>\n\t\t\t<\/div>\n\t\t\t<div id=\"skill-a6f7b1054d52a7e3f0c0e63fa3301649\" data-value=\"60\" data-color=\"#0099e5\" class=\"skill-container\">\n\t\t\t\t<div class=\"skill-percentage\"><\/div>\n\t\t\t<\/div>\n\t\t\t\t\t\t\t\t<div class=\"clearfix\">\n\t\t\t\t<h4>Cash-Flow-Rechnung<\/h4>\n\t\t\t\t<div class=\"skill-value\">75%<\/div>\n\t\t\t<\/div>\n\t\t\t<div id=\"skill-6e4002437ce3c2fbc417c18a2f15d4ab\" data-value=\"75\" data-color=\"#0099e5\" class=\"skill-container\">\n\t\t\t\t<div class=\"skill-percentage\"><\/div>\n\t\t\t<\/div>\n\t\t\t<\/div>\n\n<div class=\"block-title\">\n    <h3>Skills Steuern<span><\/span><\/h3>\n<\/div>\n\n\n<div id=\"skills-69d25be0dfdac\" class=\"skills-info skills-second-style\">\n\t\t\t\t\t\t<div class=\"clearfix\">\n\t\t\t\t<h4>Umsatzsteuer DE<\/h4>\n\t\t\t\t<div class=\"skill-value\">90%<\/div>\n\t\t\t<\/div>\n\t\t\t<div id=\"skill-ffc0c0eb95eca18bf4c6ff0a75020adf\" data-value=\"90\" data-color=\"#0099e5\" class=\"skill-container\">\n\t\t\t\t<div class=\"skill-percentage\"><\/div>\n\t\t\t<\/div>\n\t\t\t\t\t\t\t\t<div class=\"clearfix\">\n\t\t\t\t<h4>Umsatzsteuer EU<\/h4>\n\t\t\t\t<div class=\"skill-value\">80%<\/div>\n\t\t\t<\/div>\n\t\t\t<div id=\"skill-8cfe7b82b5dd93334224bbe9f283e2fb\" data-value=\"80\" data-color=\"#0099e5\" class=\"skill-container\">\n\t\t\t\t<div class=\"skill-percentage\"><\/div>\n\t\t\t<\/div>\n\t\t\t\t\t\t\t\t<div class=\"clearfix\">\n\t\t\t\t<h4>VAT &amp; IT<\/h4>\n\t\t\t\t<div class=\"skill-value\">70%<\/div>\n\t\t\t<\/div>\n\t\t\t<div id=\"skill-35980444dce5f6d1a750bc2b7e6f3258\" data-value=\"70\" data-color=\"#0099e5\" class=\"skill-container\">\n\t\t\t\t<div class=\"skill-percentage\"><\/div>\n\t\t\t<\/div>\n\t\t\t\t\t\t\t\t<div class=\"clearfix\">\n\t\t\t\t<h4>Transferpricing<\/h4>\n\t\t\t\t<div class=\"skill-value\">65%<\/div>\n\t\t\t<\/div>\n\t\t\t<div id=\"skill-46bcfcc7b1edf93255525d3a3249f963\" data-value=\"65\" data-color=\"#0099e5\" class=\"skill-container\">\n\t\t\t\t<div class=\"skill-percentage\"><\/div>\n\t\t\t<\/div>\n\t\t\t<\/div>\n\n<div class=\"block-title\">\n    <h3>Skills Daten\/IT<span><\/span><\/h3>\n<\/div>\n\n\n<div id=\"skills-69d25be0dfe83\" class=\"skills-info skills-second-style\">\n\t\t\t\t\t\t<div class=\"clearfix\">\n\t\t\t\t<h4>Dynamics NAV<\/h4>\n\t\t\t\t<div class=\"skill-value\">80%<\/div>\n\t\t\t<\/div>\n\t\t\t<div id=\"skill-8bad60b35b2115dab8f5fb01290862fa\" data-value=\"80\" data-color=\"#0099e5\" class=\"skill-container\">\n\t\t\t\t<div class=\"skill-percentage\"><\/div>\n\t\t\t<\/div>\n\t\t\t\t\t\t\t\t<div class=\"clearfix\">\n\t\t\t\t<h4>Qlik<\/h4>\n\t\t\t\t<div class=\"skill-value\">65%<\/div>\n\t\t\t<\/div>\n\t\t\t<div id=\"skill-7b0d4c942b1d28572eb51af518c5676b\" data-value=\"65\" data-color=\"#0099e5\" class=\"skill-container\">\n\t\t\t\t<div class=\"skill-percentage\"><\/div>\n\t\t\t<\/div>\n\t\t\t\t\t\t\t\t<div class=\"clearfix\">\n\t\t\t\t<h4>Microsoft Excel<\/h4>\n\t\t\t\t<div class=\"skill-value\">80%<\/div>\n\t\t\t<\/div>\n\t\t\t<div id=\"skill-385c55217cba403bf3f7467361f2228c\" data-value=\"80\" data-color=\"#0099e5\" class=\"skill-container\">\n\t\t\t\t<div class=\"skill-percentage\"><\/div>\n\t\t\t<\/div>\n\t\t\t\t\t\t\t\t<div class=\"clearfix\">\n\t\t\t\t<h4>Diamant Buchhaltungssoftware <\/h4>\n\t\t\t\t<div class=\"skill-value\">90%<\/div>\n\t\t\t<\/div>\n\t\t\t<div id=\"skill-174f7f05615ab9fd3d21e3739c803a7c\" data-value=\"90\" data-color=\"#0099e5\" class=\"skill-container\">\n\t\t\t\t<div class=\"skill-percentage\"><\/div>\n\t\t\t<\/div>\n\t\t\t\t\t\t\t\t<div class=\"clearfix\">\n\t\t\t\t<h4>SAP<\/h4>\n\t\t\t\t<div class=\"skill-value\">50%<\/div>\n\t\t\t<\/div>\n\t\t\t<div id=\"skill-a944cc51adcffa0dabf381b732643452\" data-value=\"50\" data-color=\"#0099e5\" class=\"skill-container\">\n\t\t\t\t<div class=\"skill-percentage\"><\/div>\n\t\t\t<\/div>\n\t\t\t<\/div>\n\t<\/div>\r\n<\/div>\r\n<\/div>\n\n\t<\/div>\n<\/section>\n\n","protected":false},"excerpt":{"rendered":"<p>Berufserfahrung seit 2023 Selbst\u00e4ndig Freelancer Auszug der T\u00e4tigkeiten:Monatsabschlussunterst\u00fctzungDatenanlayse und Buchung komplexer Sachverhalte\u00dcberarbeitung und Korrektur von Gesch\u00e4ftsvorf\u00e4llen in der BuchhaltungKonsolidierung von KonzerngesellschaftenErstellung von Jahresabschl\u00fcssen kleiner und mittlerer KapitalgesellschaftenVerprobung, Korrektur und Dokumentation von Umsatzsteuermeldungen f\u00fcr mehrere JahreProzess\u00fcberarbeitung, Dokumentation und Meldung zur Intrahandelsstatistik 2019-2023 Delticom AG, Hannover Leiter Konzernrechnungswesen und Steuern E-Commerce Unternehmen mit bis zu 25 Tochtergesellschaften,&#8230;<\/p>\n<p><a class=\"read-more\" href=\"https:\/\/stefandudek.de\/wordpress\/resume\/\">Read More<\/a><\/p>\n","protected":false},"author":1,"featured_media":0,"parent":0,"menu_order":0,"comment_status":"closed","ping_status":"closed","template":"","meta":{"footnotes":""},"_links":{"self":[{"href":"https:\/\/stefandudek.de\/wordpress\/wp-json\/wp\/v2\/pages\/26"}],"collection":[{"href":"https:\/\/stefandudek.de\/wordpress\/wp-json\/wp\/v2\/pages"}],"about":[{"href":"https:\/\/stefandudek.de\/wordpress\/wp-json\/wp\/v2\/types\/page"}],"author":[{"embeddable":true,"href":"https:\/\/stefandudek.de\/wordpress\/wp-json\/wp\/v2\/users\/1"}],"replies":[{"embeddable":true,"href":"https:\/\/stefandudek.de\/wordpress\/wp-json\/wp\/v2\/comments?post=26"}],"version-history":[{"count":57,"href":"https:\/\/stefandudek.de\/wordpress\/wp-json\/wp\/v2\/pages\/26\/revisions"}],"predecessor-version":[{"id":378,"href":"https:\/\/stefandudek.de\/wordpress\/wp-json\/wp\/v2\/pages\/26\/revisions\/378"}],"wp:attachment":[{"href":"https:\/\/stefandudek.de\/wordpress\/wp-json\/wp\/v2\/media?parent=26"}],"curies":[{"name":"wp","href":"https:\/\/api.w.org\/{rel}","templated":true}]}}